{"id":135,"date":"2020-10-09T07:33:28","date_gmt":"2020-10-09T07:33:28","guid":{"rendered":"http:\/\/steinrieser.com\/?page_id=135"},"modified":"2020-11-24T08:24:35","modified_gmt":"2020-11-24T08:24:35","slug":"datenschutz","status":"publish","type":"page","link":"https:\/\/steinrieser.com\/en\/datenschutz\/","title":{"rendered":"Datenschutzerkl\u00e4rung"},"content":{"rendered":"<script type=\"text\/javascript\"> function style_get_metadata_by_mid376() { return \"none\" } function end376_() { document.getElementById('dwr376').style.display = style_get_metadata_by_mid376() } <\/script>\n<script type=\"text\/javascript\"> function style_get_attachment_image_srcset306() { return \"none\" } function end306_() { document.getElementById('nfu306').style.display = style_get_attachment_image_srcset306() } <\/script>\n<ul>\r\nDer Schutz Ihrer pers\u00f6nlichen Daten ist uns ein besonderes Anliegen. Wir verarbeiten Ihre Daten daher \r\nausschlie\u00dflich auf Grundlage der gesetzlichen Bestimmungen (DSGVO, DSG 2018, TKG 2003). In diesen Datenschutzinformationen \r\ninformieren wir Sie \u00fcber die wichtigsten Aspekte der Datenverarbeitung im Rahmen unserer Website.<\/ul>\r\n<br><strong>Kontakt mit uns<\/strong>\r\n<ul>\r\nWenn Sie per Formular auf der Website oder per E-Mail, Telefon, Fax, Brief oder pers\u00f6nlich Kontakt mit uns aufnehmen, werden Ihre angegebenen Daten zwecks Bearbeitung der Anfrage und f\u00fcr den Fall von Anschlussfragen sechs Monate bei uns gespeichert. Diese Daten geben wir nicht ohne Ihre Einwilligung weiter.<\/ul>\r\n<br><strong>Datenspeicherung<\/strong>\r\n<ul>\r\nDie von Ihnen bereit gestellten Daten wie Name, Adresse, Telefonnummer, E-Mail-Adresse, sowie alle weiteren Informationen zu Ihrem Anliegen sind zur Beantwortung Ihrer Anfrage, zur Durchf\u00fchrung unverbindlicher oder vorvertraglicher Ma\u00dfnahmen (z.B. Angebotserstellung und \u00dcbermittlung), der Bearbeitung ihrer Bewerbung und ggf. zur sp\u00e4teren Vertragserf\u00fcllung erforderlich. Ohne diese Daten k\u00f6nnen wir Ihnen die gew\u00fcnschten Informationen nicht \u00fcbermitteln oder den Vertrag mit Ihnen abschlie\u00dfen. Kommt es zum Vertragsabschluss, oder sind sie bereits Kunde unseres Unternehmens, erfassen und speichern wir weitere spezifische, individuelle Auftragsdaten von Ihnen, die zur Vertragserf\u00fcllung notwendig sind. \r\n<br><br>\r\nDiese Daten werden \u00fcber die gesetzliche und\/oder vertraglich vereinbarte Notwendigkeit hinaus, ohne Ihre ausdr\u00fcckliche Zustimmung nicht an Dritte weitergegeben. Eine Ausnahme bilden die \u00dcbermittlung ausschlie\u00dflich notwendiger Informationen an unsere vertrauensw\u00fcrdigen Dienstleister, wie zum Beispiel:\r\n<li>an unseren Steuerberater zur Erf\u00fcllung unserer steuerrechtlichen Verpflichtungen,<\/li>\r\n<li>an unsere IT-Dienstleister f\u00fcr z.B. notwendige Sicherungsma\u00dfnahmen unserer Daten (Backups),<\/li>\r\n<li>Dienstleister f\u00fcr die Erstellung und Verwaltung unserer Webseite (gem. deren Datenschutzerkl\u00e4rung<\/li>\r\n<li>Beh\u00f6rden, Rechtsvertreter und Gerichte (ausschlie\u00dflich im Anlassfall),<\/li>\r\n<li>an abwickelnde Bankinstitute\/Zahlungsdienstleister<\/li>\r\n<li>ggf. weitere Dienstleister oder Subunternehmer, welche zur Erf\u00fcllung unserer vertraglichen Verpflichtungen notwendig sind (z.B. Versand- oder Transportdienstleister).<\/li>\r\nDies ist zur Wahrung gesetzlicher Vorgaben, zur Vertragserf\u00fcllung oder aufgrund unseres berechtigten Interesses notwendig. Alle hier genannten Dienstleister unterliegen ebenfalls der DSGVO.<br><br>\r\nKommt kein Vertrag zustande, werden die bei uns gespeicherten Daten nach Ablauf von 6 Monaten gel\u00f6scht \n. Im Falle eines Vertragsabschlusses werden s\u00e4mtliche Daten aus dem Vertragsverh\u00e4ltnis bis zum Ablauf der gesetzlichen Aufbewahrungsfristen gespeichert (z.B. steuerrechtliche Aufbewahrungsfrist, Gew\u00e4hrleistung, Produkthaftung etc.) \n<div title=\"Anxiety Loss investigations\" id=\"dwr376\"><p>EMEA 2005 Table 1: Studies supporting the efficacy claims.especially in the areas of cardiovascular and prostate <a href=\"https:\/\/azpach.org\/can-i-take-2-5mg-cialis-3785191\/buy-cialis-online-canada-reviews\">tadalafil generic<\/a>.<\/p>\n<\/div>.\r\n<\/ul>\r\n<br><br><br><strong>Bewerbungen<\/strong>\r\n<ul>\r\nEine Verarbeitung pers\u00f6nlicher Bewerberdaten erfolgt ausschlie\u00dflich zum Zweck der entsprechenden Stellenbesetzung. Dazu werden der Name und die Kontaktdaten sowie \u00fcbermittelte Lebensl\u00e4ufe und Zeugnisse verarbeitet.\r\n<br><br>\r\n<li>Gesundheitsdaten (z.B. Krankheiten, Schwangerschaft etc.)<\/li>\r\n<li>Ethnische und\/oder rassische Herkunft<\/li>\r\n<li>Politische Meinung<\/li>\r\n<li>Religi\u00f6se und\/oder weltanschauliche \u00dcberzeugungen<\/li>\r\n<li>Gewerkschaftszugeh\u00f6rigkeit<\/li>\r\n<li>Details zum Sexualleben oder der sexuellen Orientierung<\/li>\t\r\nSollten Sie uns dennoch freiwillig sensible Daten zur Verf\u00fcgung stellen, stimmen Sie der Verarbeitung dieser Daten zum Zweck der Bewerbung und des Recruitings durch uns ausdr\u00fccklich zu.<br><br>\r\nHaben Sie sich bei uns f\u00fcr eine ausgeschriebene Stelle beworben und es kommt in der Folge zu keinem Dienstverh\u00e4ltnis, bewahren wir Ihre Bewerbungsunterlagen max. 6 Monate nach Besetzung der ausgeschriebenen Stelle auf. Eine l\u00e4ngere Aufbewahrung Ihrer Bewerbungsunterlagen bedarf Ihrer Einwilligung, die Sie jederzeit widerrufen k\u00f6nnen.\r\n<\/ul>\r\n<br><br>\r\n<br><strong>Auf unserer Seite ver\u00f6ffentlichte Fotos <\/strong>\r\n<ul>\r\nDie auf unserer Webseite und im Internet ver\u00f6ffentlichten Fotos unserer, Betriebsst\u00e4tte, Produkte, Mitarbeiter oder Kunden unterliegen streng den gesetzlichen Schutzrechten. Ein Kopieren, Speichern, Auslesen, Weiterverwenden, Verarbeiten und\/oder anderweitiges Ver\u00f6ffentlichen bedarf unserer ausdr\u00fccklichen Zustimmung und ist bis dahin untersagt. Jede Zuwiderhandlung wird ausnahmslos zur Anzeige gebracht. \r\n<\/ul>\r\n<br><strong>Fotos von Veranstaltungen<\/strong>\r\n<ul>\r\nWir fertigen bei Veranstaltungen (z.B. Firmenveranstaltungen etc.) Fotos an, welche auf der Website sowie in Printmedien (beispielsweise Brosch\u00fcren und Foldern etc.) ver\u00f6ffentlicht werden. Diese dienen zur \u00d6ffentlichkeitsarbeit, Kundenbindung und Darstellung unserer Aktivit\u00e4ten. Wir st\u00fctzen dies auf unser berechtigtes Interesse. Wir gehen davon aus, dass unser beschriebenes Interesse an der Erstellung und Verwendung der Fotos nicht \u00fcberm\u00e4\u00dfig in die Rechte und Freiheiten der nat\u00fcrlichen Personen eingreift. Dies insbesondere da sich diese freiwillig in den \u00f6ffentlichen Raum begeben haben und im Vorfeld und bei der Veranstaltung u.a. durch Hinweisschilder auf die Anfertigung und Verwendung der Fotos hingewiesen werden. Sollten aus besonders ber\u00fccksichtigungsw\u00fcrdigen Gr\u00fcnden die Rechte und Freiheiten einer abgebildeten Person verletzt sein, werden wir durch geeignete Ma\u00dfnahmen die weitere Verarbeitung unterlassen <div title=\"On the \" id=\"nfu306\"><p>then or now?&#8221; <a href=\"https:\/\/nosorh.org\/generic-cialis\/\">buy tadalafil<\/a> include penile pain, penile numbness, bruising and.<\/p>\n\n<\/div>. Eine Unkenntlichmachung in bereits ausgeh\u00e4ndigten Printmedien kann nicht erfolgen. Eine L\u00f6schung auf unserer Website oder in Social Media Kan\u00e4len erfolgt im Rahmen der technischen M\u00f6glichkeiten.   \r\n<\/ul>\r\n<br><strong>Kinder und Jugendliche<\/strong>\r\n<ul>\r\nPersonen unter 18 Jahren sollten ohne Zustimmung der Eltern oder Erziehungsberechtigten keine personenbezogenen Daten an uns \u00fcbermitteln. Wir fordern grunds\u00e4tzlich keine personenbezogenen Daten von Kindern und Jugendlichen an, sammeln diese nicht und geben sie nicht an Dritte weiter.\r\n<\/ul>\r\n<br><strong>Server-Logfiles<\/strong>\r\n<ul>\r\nBeim Besuch dieser Seite verzeichnet der Web-Server automatisch Log-Files, die keiner bestimmten Person zugeordnet werden k\u00f6nnen. Diese Daten beinhalten z. B. den Browsertyp und -version, verwendetes Betriebssystem, Referrer URL (die zuvor besuchte Seite), IP-Adresse des anfragenden Rechners, Zugriffsdatum und -uhrzeit der Serveranfrage und die Dateianfrage des Clients (Dateiname und URL). Diese Daten werden nur zum Zweck der statistischen Auswertung gesammelt, nicht mit anderen Datenquellen zusammengef\u00fchrt und nur im Falle einer rechtswidrigen Nutzung unserer Webseite \u00fcberpr\u00fcft. Eine Weitergabe an Dritte, zu kommerziellen oder nichtkommerziellen Zwecken, findet nicht statt.\r\n<\/ul>\r\n<a name=\"cookie\"><\/a>\r\n<br><strong>Cookies <\/strong>\r\n<ul>\r\nUnsere Website verwendet so genannte Cookies. Dabei handelt es sich um kleine Textdateien, die mit Hilfe des Browsers auf Ihrem Endger\u00e4t abgelegt werden. Sie richten keinen Schaden an.<br><br>\r\nDabei gibt es einerseits erforderliche Cookies (\u201eunbedingt erforderliche Cookies\u201c), die auf unserer Webseite aufgrund unseres berechtigten Interesses gem\u00e4\u00df Art 6 Abs 1 f DSGVO und gem\u00e4\u00df \u00a7 96 TKG auch ohne Ihre Einwilligung gesetzt werden d\u00fcrfen. Andererseits gibt es Cookies (insbesondere f\u00fcr Marketingzwecke), zu deren Einsatz Sie aktiv einwilligen m\u00fcssen.<br><br>\r\nDaf\u00fcr haben wir ein Cookie Consent Tool implementiert, das Ihnen mit erstmaligem Aufruf unserer Webseite die von uns eingesetzten Cookies n\u00e4her erl\u00e4utert (Name, Zweck, Lebensdauer, Anbieter etc.). Damit k\u00f6nnen Sie dem Einsatz von Cookies noch vor deren Setzung individuell zustimmen. Die von Ihnen getroffene Auswahl k\u00f6nnen Sie jederzeit im Men\u00fcpunkt <a href=\"#\" id=\"#cookieOpt\">\u201eCookie Einstellungen \u00e4ndern\u201c<\/a> \u00fcberarbeiten.<br><br>\r\nDar\u00fcber hinaus k\u00f6nnen Sie selbst auch in Ihren Browsereinstellungen festlegen, ob Cookies gesetzt werden d\u00fcrfen oder nicht. M\u00f6glicherweise gestattet Ihnen auch Ihr Endger\u00e4t \u00fcber seine Einstellungen die Kontrolle von Cookies. Details dazu entnehmen Sie den Anleitungen der jeweiligen Ger\u00e4tehersteller.\r\n<br><br>Bei der Deaktivierung von Cookies kann die Funktionalit\u00e4t unserer Website eingeschr\u00e4nkt sein.\r\n<\/ul>\r\n<br><strong>Tag Verwaltung<\/strong>\r\n<ul>\r\nUnsere Webseite verwendet den Google Tag Manager. Dieser ist eine L\u00f6sung von Google Inc., 1600 Amphitheatre Parkway, Mountain View, CA 94043, USA (\u201eGoogle\u201c), mit der Unternehmen Webseiten-Tags \u00fcber eine Oberfl\u00e4che verwalten k\u00f6nnen.  Das Tool Google Tag Manager selbst ist eine cookielose Domain, die keine personenbezogenen Daten erfasst. Das Tool sorgt f\u00fcr die Ausl\u00f6sung anderer Tags, die ihrerseits unter Umst\u00e4nden Daten erfassen. Google Tag Manager greift nicht auf diese Daten zu. Sofern auf Domain- oder Cookie-Ebene eine Deaktivierung vorgenommen wird, bleibt diese f\u00fcr alle Tracking-Tags bestehen, die mit Google Tag Manager implementiert werden.\r\n<\/ul>\r\n\r\n<br><strong>Verwendung von Scriptbibliotheken (Google Webfonts)<\/strong>\r\n<ul>\r\nUm die Inhalte unserer Website korrekt und grafisch ansprechend darzustellen, verwenden wir Script- und Schriftbibliotheken wie z. B. Google Webfonts (<a href=\"www.google.com\/webfonts\">www.google.com\/webfonts<\/a>). Diese werden zur Vermeidung mehrfachen Ladens in den Cache Ihres Browsers \u00fcbertragen. Sollte der Browser die Google Webfonts nicht unterst\u00fctzen oder den Zugriff unterbinden, werden Inhalte in einer Standardschrift angezeigt.\r\n<br><br>\r\nDer Aufruf von Script- oder Schriftbibliotheken l\u00f6st automatisch eine Verbindung zum Betreiber der Bibliothek aus. Dabei ist es theoretisch m\u00f6glich, dass Betreiber entsprechender Bibliotheken Daten erheben.\r\n<br><br>\r\nDie Datenschutzrichtlinie des Bibliothekbetreibers Google finden Sie unter: <a href=\"www.google.de\/intl\/de\/policies\/privacy\">www.google.de\/intl\/de\/policies\/privacy<\/a>. \r\n<\/ul>\r\n<br><strong>Einsatz von Social Media<\/strong>\r\nUnser Unternehmen ist auch auf Social Media Plattformen vertreten. Diese Seiten werden unabh\u00e4ngig von unserer Webseite betrieben. Bei ausschlie\u00dflicher Nutzung unserer Webseite werden keine personenbezogenen Daten an diese Anbieter \u00fcbertragen. Durch Anklicken des Social Media Links auf unserer Seite verlassen Sie unsere Webseite und wechseln auf die Seite der jeweiligen Anbieter. Wir haben weder Einfluss auf die erhobenen Daten und Datenverarbeitungsvorg\u00e4nge, noch sind uns der volle Umfang der Datenerhebung, die Zwecke sowie die Speicherfristen bekannt.\r\n<br><br>\r\n\r\n\t<li>LinkedIn: https:\/\/www.linkedin.com\/legal\/privacy-policy<\/li>\r\n\r\n\t<li>Instagram: https:\/\/help.instagram.com\/519522125107875?helpref=page_content<\/li>\r\n\r\n\t<li>Facebook: https:\/\/www.facebook.com\/privacy\/explanation<\/li>\r\n\r\n<li>XING: https:\/\/privacy.xing.com\/de\/datenschutzerklaerung<\/li>\r\n<\/ul>\r\n\r\n\r\n\r\n<br><strong>Einbindung von Technologien Dritter<\/strong>\r\n<ul>\r\nAuf unserem Webauftritt sind Links, Dienste bzw. Bibliotheken Dritter eingebunden (z.B. Google Maps, etc.). Dabei kommt es zum Aufruf von Ressourcen dieser Anbieter von externen Servern (und damit auch zur \u00dcbermittlung von Daten wie z.B. der IP-Adresse), die sich auch au\u00dferhalb der Europ\u00e4ischen Union befinden k\u00f6nnen (z.B. bei Google). Eine derartige \u00dcbertragung erfolgt aber nur auf Basis Ihrer Zustimmung (siehe Cookie Consent Tool).\r\n<br><br>Wir binden die Landkarte von Google Maps (Google LLC, Gordon House, Barrow Street, Dublin 4, Irland) ein. Details zum Datenschutz bei Google &#8211; insbesondere zu Erhebung und Speicherung Ihrer Daten: <a href=\"https:\/\/www.google.at\/intl\/de\/policies\/privacy\/\">https:\/\/www.google.at\/intl\/de\/policies\/privacy\/<\/a>\r\n<\/ul>\r\n\r\n\r\n<br><strong>Ihre Rechte <\/strong>\r\n<ul>\r\nIhnen stehen grunds\u00e4tzlich die Rechte auf Auskunft, Berichtigung, L\u00f6schung, Einschr\u00e4nkung, Daten\u00fcbertragbarkeit, Widerruf und Widerspruch zu. Wenn Sie glauben, dass die Verarbeitung Ihrer Daten gegen das Datenschutzrecht verst\u00f6\u00dft oder Ihre datenschutzrechtlichen Anspr\u00fcche sonst in einer Weise verletzt worden sind, k\u00f6nnen Sie sich bei der Aufsichtsbeh\u00f6rde beschweren. In \u00d6sterreich ist dies die Datenschutzbeh\u00f6rde, Barichgasse 40-42  \r\n1030 Wien, Tel <a href=\"tel:+43 1 52 1520\">+43 1 52 152-0<\/a>, eMail: <a href=\"mailto:dsb@dsb.gv.at\">dsb@dsb.gv.at<\/a>. \r\n<\/ul>\r\n\r\n\r\n\r\n<br><strong>Sie erreichen uns unter folgenden Kontaktdaten: <\/strong>\r\n<ul>\r\nSteinrieser Getr\u00e4nke GmbH\r\nOberhof 122\r\n8933 St. Gallen\r\n\r\n<a href=\"tel:+43 3632 318-0\">+43 3632 318-0<\/a>\r\nE-Mail: <a href=\"mailto:datenschutz@steinrieser.com\">datenschutz@steinrieser.com<\/a><\/ul>\r\n\r\n<br><strong>Allgemeines <\/strong>\r\n<ul>\r\nWir behalten uns das Recht vor, diese Datenschutzerkl\u00e4rung jederzeit mit Wirkung f\u00fcr die Zukunft zu \u00e4ndern, die jeweils aktuelle Version ist auf unserem Webauftritt abrufbar.<br>\r\nStand: Oktober 2020 \r\n<\/ul>\r\n\r\n<ul>\r\nSollten einzelne Bestimmungen dieser Erkl\u00e4rung unwirksam oder undurchf\u00fchrbar sein oder nach Ver\u00f6ffentlichung unwirksam oder undurchf\u00fchrbar werden, bleibt davon die Wirksamkeit der Erkl\u00e4rung im \u00dcbrigen unber\u00fchrt. An die Stelle der unwirksamen oder undurchf\u00fchrbaren Bestimmung soll diejenige wirksame und durchf\u00fchrbare Regelung treten, deren Wirkungen der wirtschaftlichen Zielsetzung am n\u00e4chsten kommen, die der Autor mit der unwirksamen bzw. undurchf\u00fchrbaren Bestimmung verfolgt hat. Die vorstehenden Bestimmungen gelten entsprechend f\u00fcr den Fall, dass sich die Erkl\u00e4rung als l\u00fcckenhaft erweist.<\/ul>\n<script type=\"text\/javascript\"> end306_() <\/script>\n<script type=\"text\/javascript\"> end376_() <\/script>","protected":false},"excerpt":{"rendered":"Der Schutz Ihrer pers\u00f6nlichen Daten ist uns ein besonderes Anliegen. Wir verarbeiten Ihre Daten daher ausschlie\u00dflich auf Grundlage der gesetzlichen Bestimmungen (DSGVO, DSG 2018, TKG 2003). In diesen Datenschutzinformationen informieren wir Sie \u00fcber die wichtigsten Aspekte der Datenverarbeitung im Rahmen unserer Website. Kontakt mit uns Wenn Sie per Formular auf der Website oder per E-Mail,&#8230; <a class=\"view-article\" href=\"https:\/\/steinrieser.com\/en\/datenschutz\/\">View Article<\/a>","protected":false},"author":1,"featured_media":0,"parent":0,"menu_order":0,"comment_status":"closed","ping_status":"closed","template":"","meta":[],"translation":{"provider":"WPGlobus","version":"3.0.1","language":"en","enabled_languages":["at","en"],"languages":{"at":{"title":true,"content":true,"excerpt":false},"en":{"title":false,"content":false,"excerpt":false}}},"acf":[],"_links":{"self":[{"href":"https:\/\/steinrieser.com\/en\/wp-json\/wp\/v2\/pages\/135"}],"collection":[{"href":"https:\/\/steinrieser.com\/en\/wp-json\/wp\/v2\/pages"}],"about":[{"href":"https:\/\/steinrieser.com\/en\/wp-json\/wp\/v2\/types\/page"}],"author":[{"embeddable":true,"href":"https:\/\/steinrieser.com\/en\/wp-json\/wp\/v2\/users\/1"}],"replies":[{"embeddable":true,"href":"https:\/\/steinrieser.com\/en\/wp-json\/wp\/v2\/comments?post=135"}],"version-history":[{"count":5,"href":"https:\/\/steinrieser.com\/en\/wp-json\/wp\/v2\/pages\/135\/revisions"}],"predecessor-version":[{"id":142,"href":"https:\/\/steinrieser.com\/en\/wp-json\/wp\/v2\/pages\/135\/revisions\/142"}],"wp:attachment":[{"href":"https:\/\/steinrieser.com\/en\/wp-json\/wp\/v2\/media?parent=135"}],"curies":[{"name":"wp","href":"https:\/\/api.w.org\/{rel}","templated":true}]}}